{"id":8252,"date":"2024-07-10T13:33:17","date_gmt":"2024-07-10T13:33:17","guid":{"rendered":"https:\/\/lingottomusica.it\/ciak-si-ascolta\/"},"modified":"2024-07-10T13:33:17","modified_gmt":"2024-07-10T13:33:17","slug":"ciak-si-ascolta","status":"publish","type":"page","link":"https:\/\/lingottomusica.it\/en\/ciak-si-ascolta\/","title":{"rendered":"Ciak, si ascolta!"},"content":{"rendered":"\t\t<div data-elementor-type=\"wp-page\" data-elementor-id=\"8252\" class=\"elementor elementor-8252 elementor-4643\" data-elementor-post-type=\"page\">\n\t\t\t\t<div class=\"elementor-element elementor-element-3c76f60 e-flex e-con-boxed e-con e-parent\" data-id=\"3c76f60\" data-element_type=\"container\" data-e-type=\"container\" data-settings=\"{&quot;background_background&quot;:&quot;classic&quot;}\">\n\t\t\t\t\t<div class=\"e-con-inner\">\n\t\t\t\t<div class=\"elementor-element elementor-element-77e4fcb elementor-widget__width-initial elementor-widget elementor-widget-heading\" data-id=\"77e4fcb\" data-element_type=\"widget\" data-e-type=\"widget\" data-widget_type=\"heading.default\">\n\t\t\t\t<div class=\"elementor-widget-container\">\n\t\t\t\t\t<h2 class=\"elementor-heading-title elementor-size-default\">Ciak, si ascolta!<\/h2>\t\t\t\t<\/div>\n\t\t\t\t<\/div>\n\t\t\t\t\t<\/div>\n\t\t\t\t<\/div>\n\t\t<div class=\"elementor-element elementor-element-ff55bd2 e-flex e-con-boxed e-con e-parent\" data-id=\"ff55bd2\" data-element_type=\"container\" data-e-type=\"container\" data-settings=\"{&quot;background_background&quot;:&quot;classic&quot;}\">\n\t\t\t\t\t<div class=\"e-con-inner\">\n\t\t<div class=\"elementor-element elementor-element-b88ebb1 e-con-full e-flex e-con e-child\" data-id=\"b88ebb1\" data-element_type=\"container\" data-e-type=\"container\" data-settings=\"{&quot;background_background&quot;:&quot;classic&quot;}\">\n\t\t\t\t<div class=\"elementor-element elementor-element-7563667 elementor-widget elementor-widget-image\" data-id=\"7563667\" data-element_type=\"widget\" data-e-type=\"widget\" data-widget_type=\"image.default\">\n\t\t\t\t<div class=\"elementor-widget-container\">\n\t\t\t\t\t\t\t\t\t\t\t\t\t\t\t<img decoding=\"async\" width=\"30\" height=\"30\" src=\"https:\/\/lingottomusica.it\/wp-content\/uploads\/2024\/06\/stella-rossa.svg\" class=\"attachment-full size-full wp-image-5556\" alt=\"\" \/>\t\t\t\t\t\t\t\t\t\t\t\t\t\t\t<\/div>\n\t\t\t\t<\/div>\n\t\t\t\t<\/div>\n\t\t<div class=\"elementor-element elementor-element-2412861 e-con-full e-flex e-con e-child\" data-id=\"2412861\" data-element_type=\"container\" data-e-type=\"container\">\n\t\t<div class=\"elementor-element elementor-element-b681335 e-con-full e-flex e-con e-child\" data-id=\"b681335\" data-element_type=\"container\" data-e-type=\"container\">\n\t\t\t\t<div class=\"elementor-element elementor-element-0aaa9d7 elementor-widget__width-initial elementor-widget-tablet__width-inherit elementor-widget elementor-widget-text-editor\" data-id=\"0aaa9d7\" data-element_type=\"widget\" data-e-type=\"widget\" data-widget_type=\"text-editor.default\">\n\t\t\t\t<div class=\"elementor-widget-container\">\n\t\t\t\t\t\t\t\t\t<p><em>Il legame fra cinema e musica ha radici antichissime. Gi\u00e0 il 28 dicembre 1895 i fratelli Lumi\u00e8re avevano fatto accompagnare da un pianoforte la prima proiezione del loro cortrometraggio <\/em>La Sortie des usines Lumi\u00e8re<em> al Salon Indien di Parigi. Sempre pi\u00f9 importante, la musica addirittura surclassa il cinema negli anni del muto. Un segnale ancora pi\u00f9 chiaro arriva nel 1927: \u00e8 scoccata l\u2019ora del sonoro e a inaugurarla \u00e8, non a caso, il film musicale <\/em>The Jazz Singer<em> di Alan Crosland. La strada \u00e8 ormai segnata: dalle percussioni all\u2019orchestra, da un ensemble di archi al piano, la musica si fa tutt\u2019uno con l\u2019immagine in movimento per costruire sogni, memoria e immaginazione sociale.<\/em><\/p><p>Avvicinare i ragazzi alla musica classica attraverso un linguaggio familiare come quello del cinema, con l\u2019analisi di colonne sonore di film che utilizzano pagine dei pi\u00f9 grandi compositori, \u00e8 lo scopo di<strong> Ciak, si ascolta!<\/strong>, il nuovo progetto di educazione all\u2019ascolto nato per iniziativa di <strong>Lingotto Musica<\/strong>, in collaborazione con il <a href=\"https:\/\/www.sermig.org\/idee-e-progetti\/laboratorio-del-suono.html\"><strong>Laboratorio del Suono del Sermig \u2013 Arsenale della Pace<\/strong><\/a>. Destinato ai ragazzi delle scuole secondarie di I grado, il progetto-pilota si articola in un ciclo di incontri condotti da <strong>Mauro Tabasso<\/strong>, compositore, arrangiatore e direttore d\u2019orchestra, che di volta in volta proporr\u00e0 agli studenti film di registi diversi (fra cui <strong>Stanley Kubrick<\/strong>, <strong>Martin Scorsese<\/strong>, <strong>Sidney Pollack<\/strong>, <strong>Quentin Tarantino<\/strong>, <strong>Jonathan Demme, Tom Hopper<\/strong>) che hanno attinto a differenti stili musicali, dal Barocco al Romanticismo, dal Classicismo al Novecento, con brani di Bach, Haydn, Mozart, Beethoven, Verdi, Wagner, Strauss, Debussy, Berlioz e Bart\u00f3k e Ligeti. Un repertorio non sempre facile, ma reso pi\u00f9 fruibile grazie all\u2019esecuzione dal vivo di alcuni estratti affidati ai giovani musicisti del Laboratorio del Suono.<\/p><p>L\u2019iniziativa \u00e8 ispirata agli obiettivi 4 (Istruzione di qualit\u00e0), 10 (Ridurre le disuguaglianze), 11 (Citt\u00e0 e comunit\u00e0 sostenibili) e\u00a0 16 (Pace, giustizia e istituzioni solide) dell\u2019<strong>Agenda 2030 dell&#8217;ONU per lo sviluppo sostenibile<\/strong>.<\/p>\t\t\t\t\t\t\t\t<\/div>\n\t\t\t\t<\/div>\n\t\t<div class=\"elementor-element elementor-element-39b1109 e-grid e-con-full e-con e-child\" data-id=\"39b1109\" data-element_type=\"container\" data-e-type=\"container\">\n\t\t\t\t<div class=\"elementor-element elementor-element-c9d715b elementor-widget elementor-widget-image\" data-id=\"c9d715b\" data-element_type=\"widget\" data-e-type=\"widget\" data-widget_type=\"image.default\">\n\t\t\t\t<div class=\"elementor-widget-container\">\n\t\t\t\t\t\t\t\t\t\t\t\t\t\t\t\t<a href=\"https:\/\/lingottomusica.it\/wp-content\/uploads\/2024\/07\/ciack-slide-01.jpg\" data-elementor-open-lightbox=\"yes\" data-elementor-lightbox-title=\"ciack-slide-01\" data-e-action-hash=\"#elementor-action%3Aaction%3Dlightbox%26settings%3DeyJpZCI6NTgyNCwidXJsIjoiaHR0cHM6XC9cL2xpbmdvdHRvbXVzaWNhLml0XC93cC1jb250ZW50XC91cGxvYWRzXC8yMDI0XC8wN1wvY2lhY2stc2xpZGUtMDEuanBnIn0%3D\">\n\t\t\t\t\t\t\t<img fetchpriority=\"high\" decoding=\"async\" width=\"1000\" height=\"583\" src=\"https:\/\/lingottomusica.it\/wp-content\/uploads\/2024\/07\/ciack-slide-01.jpg\" class=\"attachment-full size-full wp-image-5824\" alt=\"\" srcset=\"https:\/\/lingottomusica.it\/wp-content\/uploads\/2024\/07\/ciack-slide-01.jpg 1000w, https:\/\/lingottomusica.it\/wp-content\/uploads\/2024\/07\/ciack-slide-01-300x175.jpg 300w, https:\/\/lingottomusica.it\/wp-content\/uploads\/2024\/07\/ciack-slide-01-768x448.jpg 768w\" sizes=\"(max-width: 1000px) 100vw, 1000px\" \/>\t\t\t\t\t\t\t\t<\/a>\n\t\t\t\t\t\t\t\t\t\t\t\t\t\t\t<\/div>\n\t\t\t\t<\/div>\n\t\t\t\t<div class=\"elementor-element elementor-element-af3cb00 elementor-widget elementor-widget-image\" data-id=\"af3cb00\" data-element_type=\"widget\" data-e-type=\"widget\" data-widget_type=\"image.default\">\n\t\t\t\t<div class=\"elementor-widget-container\">\n\t\t\t\t\t\t\t\t\t\t\t\t\t\t\t\t<a href=\"https:\/\/lingottomusica.it\/wp-content\/uploads\/2024\/07\/ciack-slide-02.jpg\" data-elementor-open-lightbox=\"yes\" data-elementor-lightbox-title=\"ciack-slide-02\" data-e-action-hash=\"#elementor-action%3Aaction%3Dlightbox%26settings%3DeyJpZCI6NTgyMywidXJsIjoiaHR0cHM6XC9cL2xpbmdvdHRvbXVzaWNhLml0XC93cC1jb250ZW50XC91cGxvYWRzXC8yMDI0XC8wN1wvY2lhY2stc2xpZGUtMDIuanBnIn0%3D\">\n\t\t\t\t\t\t\t<img decoding=\"async\" width=\"1000\" height=\"583\" src=\"https:\/\/lingottomusica.it\/wp-content\/uploads\/2024\/07\/ciack-slide-02.jpg\" class=\"attachment-full size-full wp-image-5823\" alt=\"\" srcset=\"https:\/\/lingottomusica.it\/wp-content\/uploads\/2024\/07\/ciack-slide-02.jpg 1000w, https:\/\/lingottomusica.it\/wp-content\/uploads\/2024\/07\/ciack-slide-02-300x175.jpg 300w, https:\/\/lingottomusica.it\/wp-content\/uploads\/2024\/07\/ciack-slide-02-768x448.jpg 768w\" sizes=\"(max-width: 1000px) 100vw, 1000px\" \/>\t\t\t\t\t\t\t\t<\/a>\n\t\t\t\t\t\t\t\t\t\t\t\t\t\t\t<\/div>\n\t\t\t\t<\/div>\n\t\t\t\t<div class=\"elementor-element elementor-element-ad3c967 elementor-widget elementor-widget-image\" data-id=\"ad3c967\" data-element_type=\"widget\" data-e-type=\"widget\" data-widget_type=\"image.default\">\n\t\t\t\t<div class=\"elementor-widget-container\">\n\t\t\t\t\t\t\t\t\t\t\t\t\t\t\t\t<a href=\"https:\/\/lingottomusica.it\/wp-content\/uploads\/2024\/07\/ciack-slide-03.jpg\" data-elementor-open-lightbox=\"yes\" data-elementor-lightbox-title=\"ciack-slide-03\" data-e-action-hash=\"#elementor-action%3Aaction%3Dlightbox%26settings%3DeyJpZCI6NTgyMiwidXJsIjoiaHR0cHM6XC9cL2xpbmdvdHRvbXVzaWNhLml0XC93cC1jb250ZW50XC91cGxvYWRzXC8yMDI0XC8wN1wvY2lhY2stc2xpZGUtMDMuanBnIn0%3D\">\n\t\t\t\t\t\t\t<img loading=\"lazy\" decoding=\"async\" width=\"1000\" height=\"583\" src=\"https:\/\/lingottomusica.it\/wp-content\/uploads\/2024\/07\/ciack-slide-03.jpg\" class=\"attachment-full size-full wp-image-5822\" alt=\"\" srcset=\"https:\/\/lingottomusica.it\/wp-content\/uploads\/2024\/07\/ciack-slide-03.jpg 1000w, https:\/\/lingottomusica.it\/wp-content\/uploads\/2024\/07\/ciack-slide-03-300x175.jpg 300w, https:\/\/lingottomusica.it\/wp-content\/uploads\/2024\/07\/ciack-slide-03-768x448.jpg 768w\" sizes=\"(max-width: 1000px) 100vw, 1000px\" \/>\t\t\t\t\t\t\t\t<\/a>\n\t\t\t\t\t\t\t\t\t\t\t\t\t\t\t<\/div>\n\t\t\t\t<\/div>\n\t\t\t\t<div class=\"elementor-element elementor-element-62133d3 elementor-widget elementor-widget-image\" data-id=\"62133d3\" data-element_type=\"widget\" data-e-type=\"widget\" data-widget_type=\"image.default\">\n\t\t\t\t<div class=\"elementor-widget-container\">\n\t\t\t\t\t\t\t\t\t\t\t\t\t\t\t\t<a href=\"https:\/\/lingottomusica.it\/wp-content\/uploads\/2024\/07\/ciack-slide-04.jpg\" data-elementor-open-lightbox=\"yes\" data-elementor-lightbox-title=\"ciack-slide-04\" data-e-action-hash=\"#elementor-action%3Aaction%3Dlightbox%26settings%3DeyJpZCI6NTgyMSwidXJsIjoiaHR0cHM6XC9cL2xpbmdvdHRvbXVzaWNhLml0XC93cC1jb250ZW50XC91cGxvYWRzXC8yMDI0XC8wN1wvY2lhY2stc2xpZGUtMDQuanBnIn0%3D\">\n\t\t\t\t\t\t\t<img loading=\"lazy\" decoding=\"async\" width=\"1000\" height=\"583\" src=\"https:\/\/lingottomusica.it\/wp-content\/uploads\/2024\/07\/ciack-slide-04.jpg\" class=\"attachment-full size-full wp-image-5821\" alt=\"\" srcset=\"https:\/\/lingottomusica.it\/wp-content\/uploads\/2024\/07\/ciack-slide-04.jpg 1000w, https:\/\/lingottomusica.it\/wp-content\/uploads\/2024\/07\/ciack-slide-04-300x175.jpg 300w, https:\/\/lingottomusica.it\/wp-content\/uploads\/2024\/07\/ciack-slide-04-768x448.jpg 768w\" sizes=\"(max-width: 1000px) 100vw, 1000px\" \/>\t\t\t\t\t\t\t\t<\/a>\n\t\t\t\t\t\t\t\t\t\t\t\t\t\t\t<\/div>\n\t\t\t\t<\/div>\n\t\t\t\t<\/div>\n\t\t\t\t<\/div>\n\t\t\t\t<\/div>\n\t\t\t\t\t<\/div>\n\t\t\t\t<\/div>\n\t\t<div class=\"elementor-element elementor-element-1bf73ee e-flex e-con-boxed e-con e-parent\" data-id=\"1bf73ee\" data-element_type=\"container\" data-e-type=\"container\">\n\t\t\t\t\t<div class=\"e-con-inner\">\n\t\t\t\t<div class=\"elementor-element elementor-element-20a834a elementor-widget elementor-widget-spacer\" data-id=\"20a834a\" data-element_type=\"widget\" data-e-type=\"widget\" data-widget_type=\"spacer.default\">\n\t\t\t\t<div class=\"elementor-widget-container\">\n\t\t\t\t\t\t\t<div class=\"elementor-spacer\">\n\t\t\t<div class=\"elementor-spacer-inner\"><\/div>\n\t\t<\/div>\n\t\t\t\t\t\t<\/div>\n\t\t\t\t<\/div>\n\t\t\t\t<div class=\"elementor-element elementor-element-e37386b elementor-widget elementor-widget-heading\" data-id=\"e37386b\" data-element_type=\"widget\" data-e-type=\"widget\" data-widget_type=\"heading.default\">\n\t\t\t\t<div class=\"elementor-widget-container\">\n\t\t\t\t\t<h2 class=\"elementor-heading-title elementor-size-default\">Calendario 2024<\/h2>\t\t\t\t<\/div>\n\t\t\t\t<\/div>\n\t\t\t\t<div class=\"elementor-element elementor-element-a821b2b elementor-widget elementor-widget-text-editor\" data-id=\"a821b2b\" data-element_type=\"widget\" data-e-type=\"widget\" data-widget_type=\"text-editor.default\">\n\t\t\t\t<div class=\"elementor-widget-container\">\n\t\t\t\t\t\t\t\t\t<h4><strong>Mercoled\u00ec 8 maggio<\/strong><\/h4><p><strong>Istituto Maria Ausiliatrice<\/strong>\u00a0(piazza Maria Ausiliatrice 27, Torino)<\/p>\t\t\t\t\t\t\t\t<\/div>\n\t\t\t\t<\/div>\n\t\t\t\t<div class=\"elementor-element elementor-element-cd1b7da elementor-widget elementor-widget-text-editor\" data-id=\"cd1b7da\" data-element_type=\"widget\" data-e-type=\"widget\" data-widget_type=\"text-editor.default\">\n\t\t\t\t<div class=\"elementor-widget-container\">\n\t\t\t\t\t\t\t\t\t<h4><strong>Mercoled\u00ec 23 ottobre<\/strong><\/h4><p><strong>Liceo Salesiano Valsalice<\/strong> (viale Enrico Thovez 37, Torino)<\/p>\t\t\t\t\t\t\t\t<\/div>\n\t\t\t\t<\/div>\n\t\t\t\t\t<\/div>\n\t\t\t\t<\/div>\n\t\t\t\t<\/div>\n\t\t","protected":false},"excerpt":{"rendered":"<p>Il legame fra cinema e musica ha radici antichissime. Gi\u00e0 il 28 dicembre 1895 i fratelli Lumi\u00e8re avevano fatto accompagnare da un pianoforte la prima proiezione del loro cortrometraggio La Sortie des usines Lumi\u00e8re al Salon Indien di Parigi. Sempre pi\u00f9 importante, la musica addirittura surclassa il cinema negli anni del muto. Un segnale ancora [&hellip;]<\/p>\n","protected":false},"author":1,"featured_media":0,"parent":0,"menu_order":9,"comment_status":"closed","ping_status":"closed","template":"elementor_theme","meta":{"_acf_changed":false,"footnotes":""},"class_list":["post-8252","page","type-page","status-publish","hentry"],"acf":[],"yoast_head":"<!-- This site is optimized with the Yoast SEO plugin v25.8 - https:\/\/yoast.com\/wordpress\/plugins\/seo\/ -->\n<title>Ciak, si ascolta! - Lingotto Musica<\/title>\n<meta name=\"robots\" content=\"index, follow, max-snippet:-1, max-image-preview:large, max-video-preview:-1\" \/>\n<link rel=\"canonical\" href=\"https:\/\/lingottomusica.it\/ciak-si-ascolta\/\" \/>\n<meta property=\"og:locale\" content=\"en_US\" \/>\n<meta property=\"og:type\" content=\"article\" \/>\n<meta property=\"og:title\" content=\"Ciak, si ascolta! - Lingotto Musica\" \/>\n<meta property=\"og:description\" content=\"Il legame fra cinema e musica ha radici antichissime. Gi\u00e0 il 28 dicembre 1895 i fratelli Lumi\u00e8re avevano fatto accompagnare da un pianoforte la prima proiezione del loro cortrometraggio La Sortie des usines Lumi\u00e8re al Salon Indien di Parigi. Sempre pi\u00f9 importante, la musica addirittura surclassa il cinema negli anni del muto. Un segnale ancora [&hellip;]\" \/>\n<meta property=\"og:url\" content=\"https:\/\/lingottomusica.it\/ciak-si-ascolta\/\" \/>\n<meta property=\"og:site_name\" content=\"Lingotto Musica\" \/>\n<meta property=\"article:publisher\" content=\"https:\/\/www.facebook.com\/LingottoMusica\/\" \/>\n<meta property=\"og:image\" content=\"https:\/\/lingottomusica.it\/wp-content\/uploads\/2024\/06\/stella-rossa.svg\" \/>\n<meta name=\"twitter:card\" content=\"summary_large_image\" \/>\n<meta name=\"twitter:label1\" content=\"Est. reading time\" \/>\n\t<meta name=\"twitter:data1\" content=\"2 minutes\" \/>\n<script type=\"application\/ld+json\" class=\"yoast-schema-graph\">{\"@context\":\"https:\/\/schema.org\",\"@graph\":[{\"@type\":\"WebPage\",\"@id\":\"https:\/\/lingottomusica.it\/ciak-si-ascolta\/\",\"url\":\"https:\/\/lingottomusica.it\/ciak-si-ascolta\/\",\"name\":\"Ciak, si ascolta! - Lingotto Musica\",\"isPartOf\":{\"@id\":\"https:\/\/lingottomusica.it\/#website\"},\"primaryImageOfPage\":{\"@id\":\"https:\/\/lingottomusica.it\/ciak-si-ascolta\/#primaryimage\"},\"image\":{\"@id\":\"https:\/\/lingottomusica.it\/ciak-si-ascolta\/#primaryimage\"},\"thumbnailUrl\":\"https:\/\/lingottomusica.it\/wp-content\/uploads\/2024\/06\/stella-rossa.svg\",\"datePublished\":\"2024-07-10T13:33:17+00:00\",\"breadcrumb\":{\"@id\":\"https:\/\/lingottomusica.it\/ciak-si-ascolta\/#breadcrumb\"},\"inLanguage\":\"en-US\",\"potentialAction\":[{\"@type\":\"ReadAction\",\"target\":[\"https:\/\/lingottomusica.it\/ciak-si-ascolta\/\"]}]},{\"@type\":\"ImageObject\",\"inLanguage\":\"en-US\",\"@id\":\"https:\/\/lingottomusica.it\/ciak-si-ascolta\/#primaryimage\",\"url\":\"https:\/\/lingottomusica.it\/wp-content\/uploads\/2024\/06\/stella-rossa.svg\",\"contentUrl\":\"https:\/\/lingottomusica.it\/wp-content\/uploads\/2024\/06\/stella-rossa.svg\"},{\"@type\":\"BreadcrumbList\",\"@id\":\"https:\/\/lingottomusica.it\/ciak-si-ascolta\/#breadcrumb\",\"itemListElement\":[{\"@type\":\"ListItem\",\"position\":1,\"name\":\"Home\",\"item\":\"https:\/\/lingottomusica.it\/en\/\"},{\"@type\":\"ListItem\",\"position\":2,\"name\":\"Ciak, si ascolta!\"}]},{\"@type\":\"WebSite\",\"@id\":\"https:\/\/lingottomusica.it\/#website\",\"url\":\"https:\/\/lingottomusica.it\/\",\"name\":\"Lingotto Musica\",\"description\":\"\",\"publisher\":{\"@id\":\"https:\/\/lingottomusica.it\/#organization\"},\"potentialAction\":[{\"@type\":\"SearchAction\",\"target\":{\"@type\":\"EntryPoint\",\"urlTemplate\":\"https:\/\/lingottomusica.it\/?s={search_term_string}\"},\"query-input\":{\"@type\":\"PropertyValueSpecification\",\"valueRequired\":true,\"valueName\":\"search_term_string\"}}],\"inLanguage\":\"en-US\"},{\"@type\":\"Organization\",\"@id\":\"https:\/\/lingottomusica.it\/#organization\",\"name\":\"Lingotto Musica\",\"url\":\"https:\/\/lingottomusica.it\/\",\"logo\":{\"@type\":\"ImageObject\",\"inLanguage\":\"en-US\",\"@id\":\"https:\/\/lingottomusica.it\/#\/schema\/logo\/image\/\",\"url\":\"https:\/\/lingottomusica.it\/wp-content\/uploads\/2024\/08\/lingotto_musica.png\",\"contentUrl\":\"https:\/\/lingottomusica.it\/wp-content\/uploads\/2024\/08\/lingotto_musica.png\",\"width\":512,\"height\":512,\"caption\":\"Lingotto Musica\"},\"image\":{\"@id\":\"https:\/\/lingottomusica.it\/#\/schema\/logo\/image\/\"},\"sameAs\":[\"https:\/\/www.facebook.com\/LingottoMusica\/\"]}]}<\/script>\n<!-- \/ Yoast SEO plugin. -->","yoast_head_json":{"title":"Ciak, si ascolta! - Lingotto Musica","robots":{"index":"index","follow":"follow","max-snippet":"max-snippet:-1","max-image-preview":"max-image-preview:large","max-video-preview":"max-video-preview:-1"},"canonical":"https:\/\/lingottomusica.it\/ciak-si-ascolta\/","og_locale":"en_US","og_type":"article","og_title":"Ciak, si ascolta! - Lingotto Musica","og_description":"Il legame fra cinema e musica ha radici antichissime. Gi\u00e0 il 28 dicembre 1895 i fratelli Lumi\u00e8re avevano fatto accompagnare da un pianoforte la prima proiezione del loro cortrometraggio La Sortie des usines Lumi\u00e8re al Salon Indien di Parigi. Sempre pi\u00f9 importante, la musica addirittura surclassa il cinema negli anni del muto. Un segnale ancora [&hellip;]","og_url":"https:\/\/lingottomusica.it\/ciak-si-ascolta\/","og_site_name":"Lingotto Musica","article_publisher":"https:\/\/www.facebook.com\/LingottoMusica\/","og_image":[{"url":"https:\/\/lingottomusica.it\/wp-content\/uploads\/2024\/06\/stella-rossa.svg","type":"","width":"","height":""}],"twitter_card":"summary_large_image","twitter_misc":{"Est. reading time":"2 minutes"},"schema":{"@context":"https:\/\/schema.org","@graph":[{"@type":"WebPage","@id":"https:\/\/lingottomusica.it\/ciak-si-ascolta\/","url":"https:\/\/lingottomusica.it\/ciak-si-ascolta\/","name":"Ciak, si ascolta! - Lingotto Musica","isPartOf":{"@id":"https:\/\/lingottomusica.it\/#website"},"primaryImageOfPage":{"@id":"https:\/\/lingottomusica.it\/ciak-si-ascolta\/#primaryimage"},"image":{"@id":"https:\/\/lingottomusica.it\/ciak-si-ascolta\/#primaryimage"},"thumbnailUrl":"https:\/\/lingottomusica.it\/wp-content\/uploads\/2024\/06\/stella-rossa.svg","datePublished":"2024-07-10T13:33:17+00:00","breadcrumb":{"@id":"https:\/\/lingottomusica.it\/ciak-si-ascolta\/#breadcrumb"},"inLanguage":"en-US","potentialAction":[{"@type":"ReadAction","target":["https:\/\/lingottomusica.it\/ciak-si-ascolta\/"]}]},{"@type":"ImageObject","inLanguage":"en-US","@id":"https:\/\/lingottomusica.it\/ciak-si-ascolta\/#primaryimage","url":"https:\/\/lingottomusica.it\/wp-content\/uploads\/2024\/06\/stella-rossa.svg","contentUrl":"https:\/\/lingottomusica.it\/wp-content\/uploads\/2024\/06\/stella-rossa.svg"},{"@type":"BreadcrumbList","@id":"https:\/\/lingottomusica.it\/ciak-si-ascolta\/#breadcrumb","itemListElement":[{"@type":"ListItem","position":1,"name":"Home","item":"https:\/\/lingottomusica.it\/en\/"},{"@type":"ListItem","position":2,"name":"Ciak, si ascolta!"}]},{"@type":"WebSite","@id":"https:\/\/lingottomusica.it\/#website","url":"https:\/\/lingottomusica.it\/","name":"Lingotto Musica","description":"","publisher":{"@id":"https:\/\/lingottomusica.it\/#organization"},"potentialAction":[{"@type":"SearchAction","target":{"@type":"EntryPoint","urlTemplate":"https:\/\/lingottomusica.it\/?s={search_term_string}"},"query-input":{"@type":"PropertyValueSpecification","valueRequired":true,"valueName":"search_term_string"}}],"inLanguage":"en-US"},{"@type":"Organization","@id":"https:\/\/lingottomusica.it\/#organization","name":"Lingotto Musica","url":"https:\/\/lingottomusica.it\/","logo":{"@type":"ImageObject","inLanguage":"en-US","@id":"https:\/\/lingottomusica.it\/#\/schema\/logo\/image\/","url":"https:\/\/lingottomusica.it\/wp-content\/uploads\/2024\/08\/lingotto_musica.png","contentUrl":"https:\/\/lingottomusica.it\/wp-content\/uploads\/2024\/08\/lingotto_musica.png","width":512,"height":512,"caption":"Lingotto Musica"},"image":{"@id":"https:\/\/lingottomusica.it\/#\/schema\/logo\/image\/"},"sameAs":["https:\/\/www.facebook.com\/LingottoMusica\/"]}]}},"_links":{"self":[{"href":"https:\/\/lingottomusica.it\/en\/wp-json\/wp\/v2\/pages\/8252","targetHints":{"allow":["GET"]}}],"collection":[{"href":"https:\/\/lingottomusica.it\/en\/wp-json\/wp\/v2\/pages"}],"about":[{"href":"https:\/\/lingottomusica.it\/en\/wp-json\/wp\/v2\/types\/page"}],"author":[{"embeddable":true,"href":"https:\/\/lingottomusica.it\/en\/wp-json\/wp\/v2\/users\/1"}],"replies":[{"embeddable":true,"href":"https:\/\/lingottomusica.it\/en\/wp-json\/wp\/v2\/comments?post=8252"}],"version-history":[{"count":0,"href":"https:\/\/lingottomusica.it\/en\/wp-json\/wp\/v2\/pages\/8252\/revisions"}],"wp:attachment":[{"href":"https:\/\/lingottomusica.it\/en\/wp-json\/wp\/v2\/media?parent=8252"}],"curies":[{"name":"wp","href":"https:\/\/api.w.org\/{rel}","templated":true}]}}