{"id":8246,"date":"2024-07-10T13:15:57","date_gmt":"2024-07-10T11:15:57","guid":{"rendered":"https:\/\/lingottomusica.it\/scrivere-musica-dal-vivo\/"},"modified":"2025-04-17T15:48:31","modified_gmt":"2025-04-17T13:48:31","slug":"scrivere-musica-dal-vivo","status":"publish","type":"page","link":"https:\/\/lingottomusica.it\/en\/scrivere-musica-dal-vivo\/","title":{"rendered":"Scrivere di musica dal vivo"},"content":{"rendered":"\t\t<div data-elementor-type=\"wp-page\" data-elementor-id=\"8246\" class=\"elementor elementor-8246 elementor-4614\" data-elementor-post-type=\"page\">\n\t\t\t\t<div class=\"elementor-element elementor-element-3c76f60 e-flex e-con-boxed e-con e-parent\" data-id=\"3c76f60\" data-element_type=\"container\" data-e-type=\"container\" data-settings=\"{&quot;background_background&quot;:&quot;classic&quot;}\">\n\t\t\t\t\t<div class=\"e-con-inner\">\n\t\t\t\t<div class=\"elementor-element elementor-element-77e4fcb elementor-widget__width-initial elementor-widget elementor-widget-heading\" data-id=\"77e4fcb\" data-element_type=\"widget\" data-e-type=\"widget\" data-widget_type=\"heading.default\">\n\t\t\t\t<div class=\"elementor-widget-container\">\n\t\t\t\t\t<h2 class=\"elementor-heading-title elementor-size-default\">Scrivere di musica dal vivo<\/h2>\t\t\t\t<\/div>\n\t\t\t\t<\/div>\n\t\t\t\t\t<\/div>\n\t\t\t\t<\/div>\n\t\t<div class=\"elementor-element elementor-element-ff55bd2 e-flex e-con-boxed e-con e-parent\" data-id=\"ff55bd2\" data-element_type=\"container\" data-e-type=\"container\" data-settings=\"{&quot;background_background&quot;:&quot;classic&quot;}\">\n\t\t\t\t\t<div class=\"e-con-inner\">\n\t\t<div class=\"elementor-element elementor-element-2412861 e-con-full e-flex e-con e-child\" data-id=\"2412861\" data-element_type=\"container\" data-e-type=\"container\">\n\t\t\t\t<div class=\"elementor-element elementor-element-d95f53f elementor-widget elementor-widget-image\" data-id=\"d95f53f\" data-element_type=\"widget\" data-e-type=\"widget\" data-widget_type=\"image.default\">\n\t\t\t\t<div class=\"elementor-widget-container\">\n\t\t\t\t\t\t\t\t\t\t\t\t\t\t\t<img decoding=\"async\" width=\"30\" height=\"30\" src=\"https:\/\/lingottomusica.it\/wp-content\/uploads\/2024\/06\/stella-rossa.svg\" class=\"attachment-full size-full wp-image-5556\" alt=\"\" \/>\t\t\t\t\t\t\t\t\t\t\t\t\t\t\t<\/div>\n\t\t\t\t<\/div>\n\t\t<div class=\"elementor-element elementor-element-b681335 e-con-full e-flex e-con e-child\" data-id=\"b681335\" data-element_type=\"container\" data-e-type=\"container\">\n\t\t\t\t<div class=\"elementor-element elementor-element-d0e324e elementor-widget elementor-widget-heading\" data-id=\"d0e324e\" data-element_type=\"widget\" data-e-type=\"widget\" data-widget_type=\"heading.default\">\n\t\t\t\t<div class=\"elementor-widget-container\">\n\t\t\t\t\t<h2 class=\"elementor-heading-title elementor-size-default\">Contest di critica musicale per giovani under 26<\/h2>\t\t\t\t<\/div>\n\t\t\t\t<\/div>\n\t\t\t\t<div class=\"elementor-element elementor-element-0aaa9d7 elementor-widget elementor-widget-text-editor\" data-id=\"0aaa9d7\" data-element_type=\"widget\" data-e-type=\"widget\" data-widget_type=\"text-editor.default\">\n\t\t\t\t<div class=\"elementor-widget-container\">\n\t\t\t\t\t\t\t\t\tHai un\u2019et\u00e0 compresa fra i 14 e i 26 anni? Questo \u00e8 per te.\nSe stai leggendo, vuol dire che la musica ti attrae, ti interessa, ti piace. Allora perch\u00e9 non ci racconti le tue impressioni, le sensazioni, i sentimenti che suscita l\u2019ascolto della musica classica dal vivo, in una sala da concerto?\nPerch\u00e9 non ci racconti le aspettative soddisfatte o deluse, quello che ti ha colpito in positivo o negativo, non solo nella musica, ma nell\u2019esperienza nel suo complesso?\nCosa ti attrae e cosa ti lascia perplesso, cosa invoglia e cosa allontana i giovani come te dall\u2019esperienza del concerto di musica di tradizione d\u2019arte?\n\u00c8 quello che chiediamo di aiutarci a capire.\nProva allora a raccogliere le tue idee, dopo aver partecipato a uno dei concerti che trovi nella nostra programmazione, e scrivicele nella forma che pi\u00f9 ti \u00e8 congeniale, da te liberamente scelta.\nPer tutto questo non sono necessarie conoscenze specifiche e tantomeno tecniche della materia. Tutti possono leggere una poesia o un bel racconto\u2026 per apprezzarli non servono competenze di metrica o stilistica, non occorre essere capaci di riconoscere o utilizzare le figure retoriche. Liberati da ogni preconcetto, apriti all\u2019esperienza della musica d\u2019arte, raccontala con le parole che ti piacciono\u2026 chiunque pu\u00f2 provare.\t\t\t\t\t\t\t\t<\/div>\n\t\t\t\t<\/div>\n\t\t\t\t<\/div>\n\t\t\t\t<\/div>\n\t\t\t\t\t<\/div>\n\t\t\t\t<\/div>\n\t\t<div class=\"elementor-element elementor-element-4947076 e-flex e-con-boxed e-con e-parent\" data-id=\"4947076\" data-element_type=\"container\" data-e-type=\"container\" data-settings=\"{&quot;background_background&quot;:&quot;classic&quot;}\">\n\t\t\t\t\t<div class=\"e-con-inner\">\n\t\t<div class=\"elementor-element elementor-element-160ae42 e-con-full e-flex e-con e-child\" data-id=\"160ae42\" data-element_type=\"container\" data-e-type=\"container\">\n\t\t\t\t<div class=\"elementor-element elementor-element-38209bc elementor-widget elementor-widget-image\" data-id=\"38209bc\" data-element_type=\"widget\" data-e-type=\"widget\" data-widget_type=\"image.default\">\n\t\t\t\t<div class=\"elementor-widget-container\">\n\t\t\t\t\t\t\t\t\t\t\t\t\t\t\t<img decoding=\"async\" width=\"30\" height=\"30\" src=\"https:\/\/lingottomusica.it\/wp-content\/uploads\/2024\/06\/stella-rossa.svg\" class=\"attachment-full size-full wp-image-5556\" alt=\"\" \/>\t\t\t\t\t\t\t\t\t\t\t\t\t\t\t<\/div>\n\t\t\t\t<\/div>\n\t\t<div class=\"elementor-element elementor-element-2d6a9e1 e-con-full e-flex e-con e-child\" data-id=\"2d6a9e1\" data-element_type=\"container\" data-e-type=\"container\">\n\t\t\t\t<div class=\"elementor-element elementor-element-d7a82b3 elementor-widget elementor-widget-heading\" data-id=\"d7a82b3\" data-element_type=\"widget\" data-e-type=\"widget\" data-widget_type=\"heading.default\">\n\t\t\t\t<div class=\"elementor-widget-container\">\n\t\t\t\t\t<h2 class=\"elementor-heading-title elementor-size-default\">Come partecipare<\/h2>\t\t\t\t<\/div>\n\t\t\t\t<\/div>\n\t\t\t\t<div class=\"elementor-element elementor-element-ad005df elementor-widget elementor-widget-text-editor\" data-id=\"ad005df\" data-element_type=\"widget\" data-e-type=\"widget\" data-widget_type=\"text-editor.default\">\n\t\t\t\t<div class=\"elementor-widget-container\">\n\t\t\t\t\t\t\t\t\t<p>Invia un massimo di 4 scritti, per non pi\u00f9 di 4000 battute ciascuno, in formato PDF a <a href=\"mailto:ufficiostampa@lingottomusica.it\" target=\"_blank\" rel=\"noopener\">ufficiostampa@lingottomusica.it<\/a>.<\/p><p>Indica nell\u2019email il tuo nome, la tua data di nascita e il tuo numero di telefono*, inserendo nell\u2019oggetto del messaggio: \u201c<strong>Scrivere di musica dal vivo<\/strong>\u201d.<\/p><p>Allega, come prova della tua presenza ai concerti, una scansione del biglietto d\u2019ingresso entro il <strong>30 giugno 2025<\/strong>.<\/p><p>Per gli autori dei tre scritti reputati migliori sono previsti buoni acquisto Amazon da 500, 300 e 200 euro.<\/p><p>Se risulterai fra i primi tre classificati, riceverai la comunicazione via email <strong>entro il 30 settembre 2025<\/strong>. Non potranno concorrere i primi classificati delle precedenti edizioni.<\/p>\t\t\t\t\t\t\t\t<\/div>\n\t\t\t\t<\/div>\n\t\t\t\t<div class=\"elementor-element elementor-element-97172bd elementor-widget elementor-widget-text-editor\" data-id=\"97172bd\" data-element_type=\"widget\" data-e-type=\"widget\" data-widget_type=\"text-editor.default\">\n\t\t\t\t<div class=\"elementor-widget-container\">\n\t\t\t\t\t\t\t\t\t<p>* I dati forniti verranno trattati solo per le finalit\u00e0 connesse all\u2019iniziativa, nel rispetto del carattere riservato degli stessi, ai sensi del Reg. UE 679\/2016<\/p>\t\t\t\t\t\t\t\t<\/div>\n\t\t\t\t<\/div>\n\t\t\t\t<\/div>\n\t\t\t\t<\/div>\n\t\t\t\t\t<\/div>\n\t\t\t\t<\/div>\n\t\t\t\t<\/div>\n\t\t","protected":false},"excerpt":{"rendered":"<p>Contest di critica musicale per giovani under 26 Hai un\u2019et\u00e0 compresa fra i 14 e i 26 anni? Questo \u00e8 per te. Se stai leggendo, vuol dire che la musica ti attrae, ti interessa, ti piace. Allora perch\u00e9 non ci racconti le tue impressioni, le sensazioni, i sentimenti che suscita l\u2019ascolto della musica classica dal [&hellip;]<\/p>\n","protected":false},"author":1,"featured_media":0,"parent":0,"menu_order":32,"comment_status":"closed","ping_status":"closed","template":"elementor_theme","meta":{"_acf_changed":false,"footnotes":""},"class_list":["post-8246","page","type-page","status-publish","hentry"],"acf":[],"yoast_head":"<!-- This site is optimized with the Yoast SEO plugin v27.5 - https:\/\/yoast.com\/product\/yoast-seo-wordpress\/ -->\n<title>Scrivere di musica dal vivo - Lingotto Musica<\/title>\n<meta name=\"robots\" content=\"index, follow, max-snippet:-1, max-image-preview:large, max-video-preview:-1\" \/>\n<link rel=\"canonical\" href=\"https:\/\/lingottomusica.it\/en\/scrivere-musica-dal-vivo\/\" \/>\n<meta property=\"og:locale\" content=\"en_US\" \/>\n<meta property=\"og:type\" content=\"article\" \/>\n<meta property=\"og:title\" content=\"Scrivere di musica dal vivo - Lingotto Musica\" \/>\n<meta property=\"og:description\" content=\"Contest di critica musicale per giovani under 26 Hai un\u2019et\u00e0 compresa fra i 14 e i 26 anni? Questo \u00e8 per te. Se stai leggendo, vuol dire che la musica ti attrae, ti interessa, ti piace. Allora perch\u00e9 non ci racconti le tue impressioni, le sensazioni, i sentimenti che suscita l\u2019ascolto della musica classica dal [&hellip;]\" \/>\n<meta property=\"og:url\" content=\"https:\/\/lingottomusica.it\/en\/scrivere-musica-dal-vivo\/\" \/>\n<meta property=\"og:site_name\" content=\"Lingotto Musica\" \/>\n<meta property=\"article:publisher\" content=\"https:\/\/www.facebook.com\/LingottoMusica\/\" \/>\n<meta property=\"article:modified_time\" content=\"2025-04-17T13:48:31+00:00\" \/>\n<meta name=\"twitter:card\" content=\"summary_large_image\" \/>\n<meta name=\"twitter:label1\" content=\"Est. reading time\" \/>\n\t<meta name=\"twitter:data1\" content=\"3 minutes\" \/>\n<script type=\"application\/ld+json\" class=\"yoast-schema-graph\">{\"@context\":\"https:\\\/\\\/schema.org\",\"@graph\":[{\"@type\":\"WebPage\",\"@id\":\"https:\\\/\\\/lingottomusica.it\\\/en\\\/scrivere-musica-dal-vivo\\\/\",\"url\":\"https:\\\/\\\/lingottomusica.it\\\/en\\\/scrivere-musica-dal-vivo\\\/\",\"name\":\"Scrivere di musica dal vivo - Lingotto Musica\",\"isPartOf\":{\"@id\":\"https:\\\/\\\/lingottomusica.it\\\/#website\"},\"primaryImageOfPage\":{\"@id\":\"https:\\\/\\\/lingottomusica.it\\\/en\\\/scrivere-musica-dal-vivo\\\/#primaryimage\"},\"image\":{\"@id\":\"https:\\\/\\\/lingottomusica.it\\\/en\\\/scrivere-musica-dal-vivo\\\/#primaryimage\"},\"thumbnailUrl\":\"https:\\\/\\\/lingottomusica.it\\\/wp-content\\\/uploads\\\/2024\\\/06\\\/stella-rossa.svg\",\"datePublished\":\"2024-07-10T11:15:57+00:00\",\"dateModified\":\"2025-04-17T13:48:31+00:00\",\"breadcrumb\":{\"@id\":\"https:\\\/\\\/lingottomusica.it\\\/en\\\/scrivere-musica-dal-vivo\\\/#breadcrumb\"},\"inLanguage\":\"en-US\",\"potentialAction\":[{\"@type\":\"ReadAction\",\"target\":[\"https:\\\/\\\/lingottomusica.it\\\/en\\\/scrivere-musica-dal-vivo\\\/\"]}]},{\"@type\":\"ImageObject\",\"inLanguage\":\"en-US\",\"@id\":\"https:\\\/\\\/lingottomusica.it\\\/en\\\/scrivere-musica-dal-vivo\\\/#primaryimage\",\"url\":\"https:\\\/\\\/lingottomusica.it\\\/wp-content\\\/uploads\\\/2024\\\/06\\\/stella-rossa.svg\",\"contentUrl\":\"https:\\\/\\\/lingottomusica.it\\\/wp-content\\\/uploads\\\/2024\\\/06\\\/stella-rossa.svg\"},{\"@type\":\"BreadcrumbList\",\"@id\":\"https:\\\/\\\/lingottomusica.it\\\/en\\\/scrivere-musica-dal-vivo\\\/#breadcrumb\",\"itemListElement\":[{\"@type\":\"ListItem\",\"position\":1,\"name\":\"Home\",\"item\":\"https:\\\/\\\/lingottomusica.it\\\/en\\\/\"},{\"@type\":\"ListItem\",\"position\":2,\"name\":\"Scrivere di musica dal vivo\"}]},{\"@type\":\"WebSite\",\"@id\":\"https:\\\/\\\/lingottomusica.it\\\/#website\",\"url\":\"https:\\\/\\\/lingottomusica.it\\\/\",\"name\":\"Lingotto Musica\",\"description\":\"\",\"publisher\":{\"@id\":\"https:\\\/\\\/lingottomusica.it\\\/#organization\"},\"potentialAction\":[{\"@type\":\"SearchAction\",\"target\":{\"@type\":\"EntryPoint\",\"urlTemplate\":\"https:\\\/\\\/lingottomusica.it\\\/?s={search_term_string}\"},\"query-input\":{\"@type\":\"PropertyValueSpecification\",\"valueRequired\":true,\"valueName\":\"search_term_string\"}}],\"inLanguage\":\"en-US\"},{\"@type\":\"Organization\",\"@id\":\"https:\\\/\\\/lingottomusica.it\\\/#organization\",\"name\":\"Lingotto Musica\",\"url\":\"https:\\\/\\\/lingottomusica.it\\\/\",\"logo\":{\"@type\":\"ImageObject\",\"inLanguage\":\"en-US\",\"@id\":\"https:\\\/\\\/lingottomusica.it\\\/#\\\/schema\\\/logo\\\/image\\\/\",\"url\":\"https:\\\/\\\/lingottomusica.it\\\/wp-content\\\/uploads\\\/2024\\\/08\\\/lingotto_musica.png\",\"contentUrl\":\"https:\\\/\\\/lingottomusica.it\\\/wp-content\\\/uploads\\\/2024\\\/08\\\/lingotto_musica.png\",\"width\":512,\"height\":512,\"caption\":\"Lingotto Musica\"},\"image\":{\"@id\":\"https:\\\/\\\/lingottomusica.it\\\/#\\\/schema\\\/logo\\\/image\\\/\"},\"sameAs\":[\"https:\\\/\\\/www.facebook.com\\\/LingottoMusica\\\/\"]}]}<\/script>\n<!-- \/ Yoast SEO plugin. -->","yoast_head_json":{"title":"Scrivere di musica dal vivo - Lingotto Musica","robots":{"index":"index","follow":"follow","max-snippet":"max-snippet:-1","max-image-preview":"max-image-preview:large","max-video-preview":"max-video-preview:-1"},"canonical":"https:\/\/lingottomusica.it\/en\/scrivere-musica-dal-vivo\/","og_locale":"en_US","og_type":"article","og_title":"Scrivere di musica dal vivo - Lingotto Musica","og_description":"Contest di critica musicale per giovani under 26 Hai un\u2019et\u00e0 compresa fra i 14 e i 26 anni? Questo \u00e8 per te. Se stai leggendo, vuol dire che la musica ti attrae, ti interessa, ti piace. Allora perch\u00e9 non ci racconti le tue impressioni, le sensazioni, i sentimenti che suscita l\u2019ascolto della musica classica dal [&hellip;]","og_url":"https:\/\/lingottomusica.it\/en\/scrivere-musica-dal-vivo\/","og_site_name":"Lingotto Musica","article_publisher":"https:\/\/www.facebook.com\/LingottoMusica\/","article_modified_time":"2025-04-17T13:48:31+00:00","twitter_card":"summary_large_image","twitter_misc":{"Est. reading time":"3 minutes"},"schema":{"@context":"https:\/\/schema.org","@graph":[{"@type":"WebPage","@id":"https:\/\/lingottomusica.it\/en\/scrivere-musica-dal-vivo\/","url":"https:\/\/lingottomusica.it\/en\/scrivere-musica-dal-vivo\/","name":"Scrivere di musica dal vivo - Lingotto Musica","isPartOf":{"@id":"https:\/\/lingottomusica.it\/#website"},"primaryImageOfPage":{"@id":"https:\/\/lingottomusica.it\/en\/scrivere-musica-dal-vivo\/#primaryimage"},"image":{"@id":"https:\/\/lingottomusica.it\/en\/scrivere-musica-dal-vivo\/#primaryimage"},"thumbnailUrl":"https:\/\/lingottomusica.it\/wp-content\/uploads\/2024\/06\/stella-rossa.svg","datePublished":"2024-07-10T11:15:57+00:00","dateModified":"2025-04-17T13:48:31+00:00","breadcrumb":{"@id":"https:\/\/lingottomusica.it\/en\/scrivere-musica-dal-vivo\/#breadcrumb"},"inLanguage":"en-US","potentialAction":[{"@type":"ReadAction","target":["https:\/\/lingottomusica.it\/en\/scrivere-musica-dal-vivo\/"]}]},{"@type":"ImageObject","inLanguage":"en-US","@id":"https:\/\/lingottomusica.it\/en\/scrivere-musica-dal-vivo\/#primaryimage","url":"https:\/\/lingottomusica.it\/wp-content\/uploads\/2024\/06\/stella-rossa.svg","contentUrl":"https:\/\/lingottomusica.it\/wp-content\/uploads\/2024\/06\/stella-rossa.svg"},{"@type":"BreadcrumbList","@id":"https:\/\/lingottomusica.it\/en\/scrivere-musica-dal-vivo\/#breadcrumb","itemListElement":[{"@type":"ListItem","position":1,"name":"Home","item":"https:\/\/lingottomusica.it\/en\/"},{"@type":"ListItem","position":2,"name":"Scrivere di musica dal vivo"}]},{"@type":"WebSite","@id":"https:\/\/lingottomusica.it\/#website","url":"https:\/\/lingottomusica.it\/","name":"Lingotto Musica","description":"","publisher":{"@id":"https:\/\/lingottomusica.it\/#organization"},"potentialAction":[{"@type":"SearchAction","target":{"@type":"EntryPoint","urlTemplate":"https:\/\/lingottomusica.it\/?s={search_term_string}"},"query-input":{"@type":"PropertyValueSpecification","valueRequired":true,"valueName":"search_term_string"}}],"inLanguage":"en-US"},{"@type":"Organization","@id":"https:\/\/lingottomusica.it\/#organization","name":"Lingotto Musica","url":"https:\/\/lingottomusica.it\/","logo":{"@type":"ImageObject","inLanguage":"en-US","@id":"https:\/\/lingottomusica.it\/#\/schema\/logo\/image\/","url":"https:\/\/lingottomusica.it\/wp-content\/uploads\/2024\/08\/lingotto_musica.png","contentUrl":"https:\/\/lingottomusica.it\/wp-content\/uploads\/2024\/08\/lingotto_musica.png","width":512,"height":512,"caption":"Lingotto Musica"},"image":{"@id":"https:\/\/lingottomusica.it\/#\/schema\/logo\/image\/"},"sameAs":["https:\/\/www.facebook.com\/LingottoMusica\/"]}]}},"_links":{"self":[{"href":"https:\/\/lingottomusica.it\/en\/wp-json\/wp\/v2\/pages\/8246","targetHints":{"allow":["GET"]}}],"collection":[{"href":"https:\/\/lingottomusica.it\/en\/wp-json\/wp\/v2\/pages"}],"about":[{"href":"https:\/\/lingottomusica.it\/en\/wp-json\/wp\/v2\/types\/page"}],"author":[{"embeddable":true,"href":"https:\/\/lingottomusica.it\/en\/wp-json\/wp\/v2\/users\/1"}],"replies":[{"embeddable":true,"href":"https:\/\/lingottomusica.it\/en\/wp-json\/wp\/v2\/comments?post=8246"}],"version-history":[{"count":9,"href":"https:\/\/lingottomusica.it\/en\/wp-json\/wp\/v2\/pages\/8246\/revisions"}],"predecessor-version":[{"id":11471,"href":"https:\/\/lingottomusica.it\/en\/wp-json\/wp\/v2\/pages\/8246\/revisions\/11471"}],"wp:attachment":[{"href":"https:\/\/lingottomusica.it\/en\/wp-json\/wp\/v2\/media?parent=8246"}],"curies":[{"name":"wp","href":"https:\/\/api.w.org\/{rel}","templated":true}]}}